{"id":2783,"date":"2015-11-23T11:51:29","date_gmt":"2015-11-23T10:51:29","guid":{"rendered":"http:\/\/caseificiogiusti.e-matese.com\/?page_id=2783"},"modified":"2021-08-31T15:34:27","modified_gmt":"2021-08-31T13:34:27","slug":"azienda","status":"publish","type":"page","link":"https:\/\/www.caseificiogiusti.it\/?page_id=2783","title":{"rendered":"CHI SIAMO"},"content":{"rendered":"<p>[et_pb_section fb_built=&#8221;1&#8243; fullwidth=&#8221;on&#8221; _builder_version=&#8221;4.9.4&#8243; _module_preset=&#8221;default&#8221; background_image=&#8221;https:\/\/caseificiogiusti.it\/wp-content\/uploads\/2021\/07\/azienda-giusti3.jpg&#8221; background_position=&#8221;top_center&#8221;][et_pb_fullwidth_header title=&#8221;CHI SIAMO &#8221; subhead=&#8221;GENERAZIONI A CONFRONTO&#8221; admin_label=&#8221;Titolo&#8221; _builder_version=&#8221;4.9.4&#8243; _module_preset=&#8221;default&#8221; background_enable_color=&#8221;off&#8221; hover_enabled=&#8221;0&#8243; sticky_enabled=&#8221;0&#8243;]<\/p>\n<p>&nbsp;<\/p>\n<p>&nbsp;<\/p>\n<p>&nbsp;<\/p>\n<p>&nbsp;<\/p>\n<p>[\/et_pb_fullwidth_header][\/et_pb_section][et_pb_section fb_built=&#8221;1&#8243; _builder_version=&#8221;3.22&#8243;][et_pb_row column_structure=&#8221;1_2,1_2&#8243; use_custom_gutter=&#8221;on&#8221; make_equal=&#8221;on&#8221; _builder_version=&#8221;4.9.4&#8243; background_size=&#8221;initial&#8221; background_position=&#8221;top_left&#8221; background_repeat=&#8221;repeat&#8221;][et_pb_column type=&#8221;1_2&#8243; _builder_version=&#8221;4.9.4&#8243; custom_padding=&#8221;|||&#8221; custom_padding__hover=&#8221;|||&#8221;][et_pb_image src=&#8221;https:\/\/caseificiogiusti.it\/wp-content\/uploads\/2021\/07\/giancarlomarotti.jpg&#8221; title_text=&#8221;giancarlomarotti&#8221; align=&#8221;center&#8221; _builder_version=&#8221;4.9.4&#8243; _module_preset=&#8221;default&#8221; width=&#8221;70%&#8221; module_alignment=&#8221;center&#8221; animation_style=&#8221;slide&#8221; border_radii=&#8221;on|50%|50%|50%|50%&#8221; border_width_all=&#8221;2px&#8221; border_color_all=&#8221;#1b9e49&#8243; transform_styles__hover_enabled=&#8221;on|hover&#8221; transform_scale__hover_enabled=&#8221;on|hover&#8221; transform_translate__hover_enabled=&#8221;on|desktop&#8221; transform_rotate__hover_enabled=&#8221;on|desktop&#8221; transform_skew__hover_enabled=&#8221;on|desktop&#8221; transform_origin__hover_enabled=&#8221;on|desktop&#8221; transform_scale__hover=&#8221;112%|112%&#8221;][\/et_pb_image][\/et_pb_column][et_pb_column type=&#8221;1_2&#8243; _builder_version=&#8221;4.9.4&#8243; custom_padding=&#8221;|||&#8221; custom_css_main_element=&#8221;margin: auto;&#8221; custom_padding__hover=&#8221;|||&#8221;][et_pb_text _builder_version=&#8221;4.9.4&#8243; background_size=&#8221;initial&#8221; background_position=&#8221;top_left&#8221; background_repeat=&#8221;repeat&#8221; animation_style=&#8221;slide&#8221; animation_direction=&#8221;right&#8221; transform_styles__hover_enabled=&#8221;on|hover&#8221; transform_scale__hover_enabled=&#8221;on|hover&#8221; transform_translate__hover_enabled=&#8221;on|desktop&#8221; transform_rotate__hover_enabled=&#8221;on|desktop&#8221; transform_skew__hover_enabled=&#8221;on|desktop&#8221; transform_origin__hover_enabled=&#8221;on|desktop&#8221; transform_scale__hover=&#8221;110%|110%&#8221;]<\/p>\n<h2>Giancarlo Marotti<\/h2>\n<p>[\/et_pb_text][et_pb_text _builder_version=&#8221;4.9.4&#8243; background_size=&#8221;initial&#8221; background_position=&#8221;top_left&#8221; background_repeat=&#8221;repeat&#8221; animation_style=&#8221;slide&#8221; animation_direction=&#8221;right&#8221;]<\/p>\n<p>Amministratore dell&#8217;azienda, cura i rapporti con i clienti e le istituzioni. Conosce e preserva i segreti dell&#8217;arte casearia meridionale non tralasciando l&#8217;innovazione tecnologica e la continua ricerca di nuovi prodotti.<\/p>\n<p>[\/et_pb_text][\/et_pb_column][\/et_pb_row][et_pb_row column_structure=&#8221;1_2,1_2&#8243; use_custom_gutter=&#8221;on&#8221; make_equal=&#8221;on&#8221; _builder_version=&#8221;4.9.4&#8243; background_size=&#8221;initial&#8221; background_position=&#8221;top_left&#8221; background_repeat=&#8221;repeat&#8221;][et_pb_column type=&#8221;1_2&#8243; _builder_version=&#8221;4.9.4&#8243; custom_padding=&#8221;|||&#8221; custom_padding__hover=&#8221;|||&#8221;][et_pb_image src=&#8221;https:\/\/caseificiogiusti.it\/wp-content\/uploads\/2021\/07\/salvatoremarotti-1.jpg&#8221; title_text=&#8221;salvatoremarotti&#8221; align=&#8221;center&#8221; _builder_version=&#8221;4.9.4&#8243; _module_preset=&#8221;default&#8221; width=&#8221;70%&#8221; module_alignment=&#8221;center&#8221; animation_style=&#8221;slide&#8221; border_radii=&#8221;on|50%|50%|50%|50%&#8221; border_width_all=&#8221;2px&#8221; border_color_all=&#8221;#1b9e49&#8243; transform_styles__hover_enabled=&#8221;on|hover&#8221; transform_scale__hover_enabled=&#8221;on|hover&#8221; transform_translate__hover_enabled=&#8221;on|desktop&#8221; transform_rotate__hover_enabled=&#8221;on|desktop&#8221; transform_skew__hover_enabled=&#8221;on|desktop&#8221; transform_origin__hover_enabled=&#8221;on|desktop&#8221; transform_scale__hover=&#8221;112%|112%&#8221;][\/et_pb_image][\/et_pb_column][et_pb_column type=&#8221;1_2&#8243; _builder_version=&#8221;4.9.4&#8243; custom_padding=&#8221;|||&#8221; custom_css_main_element=&#8221;margin: auto;&#8221; custom_padding__hover=&#8221;|||&#8221;][et_pb_text _builder_version=&#8221;4.9.4&#8243; background_size=&#8221;initial&#8221; background_position=&#8221;top_left&#8221; background_repeat=&#8221;repeat&#8221; animation_style=&#8221;slide&#8221; animation_direction=&#8221;right&#8221; transform_styles__hover_enabled=&#8221;on|hover&#8221; transform_scale__hover_enabled=&#8221;on|hover&#8221; transform_translate__hover_enabled=&#8221;on|desktop&#8221; transform_rotate__hover_enabled=&#8221;on|desktop&#8221; transform_skew__hover_enabled=&#8221;on|desktop&#8221; transform_origin__hover_enabled=&#8221;on|desktop&#8221; transform_scale__hover=&#8221;110%|110%&#8221;]<\/p>\n<h2>Salvatore Marotti<\/h2>\n<p>[\/et_pb_text][et_pb_text _builder_version=&#8221;4.9.4&#8243; background_size=&#8221;initial&#8221; background_position=&#8221;top_left&#8221; background_repeat=&#8221;repeat&#8221; animation_style=&#8221;slide&#8221; animation_direction=&#8221;right&#8221;]<\/p>\n<p>Responsabile di Produzione, gestisce gli acquisti delle materie prime e dei macchinari operativi del caseificio.\u00a0 Rappresenta la terza generazione impegnata in questa &#8220;missione&#8221; e nonostante la sua giovane et\u00e0 ha il completo controllo e fiducia del suo team\u00a0 impegnato quotidianamente in un unico obiettivo: qualit\u00e0.<\/p>\n<p>[\/et_pb_text][\/et_pb_column][\/et_pb_row][et_pb_row column_structure=&#8221;1_2,1_2&#8243; use_custom_gutter=&#8221;on&#8221; make_equal=&#8221;on&#8221; _builder_version=&#8221;4.9.4&#8243; background_size=&#8221;initial&#8221; background_position=&#8221;top_left&#8221; background_repeat=&#8221;repeat&#8221;][et_pb_column type=&#8221;1_2&#8243; _builder_version=&#8221;4.9.4&#8243; custom_padding=&#8221;|||&#8221; custom_padding__hover=&#8221;|||&#8221;][et_pb_image src=&#8221;https:\/\/caseificiogiusti.it\/wp-content\/uploads\/2021\/07\/mariamarotti-1.jpg&#8221; title_text=&#8221;mariamarotti&#8221; align=&#8221;center&#8221; _builder_version=&#8221;4.9.4&#8243; _module_preset=&#8221;default&#8221; width=&#8221;70%&#8221; module_alignment=&#8221;center&#8221; animation_style=&#8221;slide&#8221; border_radii=&#8221;on|50%|50%|50%|50%&#8221; border_width_all=&#8221;2px&#8221; border_color_all=&#8221;#1b9e49&#8243; transform_styles__hover_enabled=&#8221;on|hover&#8221; transform_scale__hover_enabled=&#8221;on|hover&#8221; transform_translate__hover_enabled=&#8221;on|desktop&#8221; transform_rotate__hover_enabled=&#8221;on|desktop&#8221; transform_skew__hover_enabled=&#8221;on|desktop&#8221; transform_origin__hover_enabled=&#8221;on|desktop&#8221; transform_scale__hover=&#8221;112%|112%&#8221;][\/et_pb_image][\/et_pb_column][et_pb_column type=&#8221;1_2&#8243; _builder_version=&#8221;4.9.4&#8243; custom_padding=&#8221;|||&#8221; custom_css_main_element=&#8221;margin: auto;&#8221; custom_padding__hover=&#8221;|||&#8221;][et_pb_text _builder_version=&#8221;4.9.4&#8243; background_size=&#8221;initial&#8221; background_position=&#8221;top_left&#8221; background_repeat=&#8221;repeat&#8221; animation_style=&#8221;slide&#8221; animation_direction=&#8221;right&#8221; transform_styles__hover_enabled=&#8221;on|hover&#8221; transform_scale__hover_enabled=&#8221;on|hover&#8221; transform_translate__hover_enabled=&#8221;on|desktop&#8221; transform_rotate__hover_enabled=&#8221;on|desktop&#8221; transform_skew__hover_enabled=&#8221;on|desktop&#8221; transform_origin__hover_enabled=&#8221;on|desktop&#8221; transform_scale__hover=&#8221;110%|110%&#8221;]<\/p>\n<h2>Maria Marotti<\/h2>\n<p>[\/et_pb_text][et_pb_text _builder_version=&#8221;4.9.4&#8243; background_size=&#8221;initial&#8221; background_position=&#8221;top_left&#8221; background_repeat=&#8221;repeat&#8221; animation_style=&#8221;slide&#8221; animation_direction=&#8221;right&#8221;]<\/p>\n<p>Responsabile Commerciale e del controllo Qualit\u00e0 del caseificio, inoltre gestisce l&#8217;intero organigramma aziendale e cura\u00a0 i punti vendita regionali. Decisa, determinata, disponibile, sempre con una soluzione pronta in tasca, rappresenta il valore aggiunto del management al femminile.<\/p>\n<p>[\/et_pb_text][\/et_pb_column][\/et_pb_row][\/et_pb_section]<\/p>\n","protected":false},"excerpt":{"rendered":"<p>[et_pb_section fb_built=&#8221;1&#8243; fullwidth=&#8221;on&#8221; _builder_version=&#8221;4.9.4&#8243; _module_preset=&#8221;default&#8221; background_image=&#8221;https:\/\/caseificiogiusti.it\/wp-content\/uploads\/2021\/07\/azienda-giusti3.jpg&#8221; background_position=&#8221;top_center&#8221;][et_pb_fullwidth_header title=&#8221;CHI SIAMO &#8221; subhead=&#8221;GENERAZIONI A CONFRONTO&#8221; admin_label=&#8221;Titolo&#8221; _builder_version=&#8221;4.9.4&#8243; _module_preset=&#8221;default&#8221; background_enable_color=&#8221;off&#8221; hover_enabled=&#8221;0&#8243; sticky_enabled=&#8221;0&#8243;] &nbsp; &nbsp; &nbsp; &nbsp; [\/et_pb_fullwidth_header][\/et_pb_section][et_pb_section fb_built=&#8221;1&#8243; _builder_version=&#8221;3.22&#8243;][et_pb_row column_structure=&#8221;1_2,1_2&#8243; use_custom_gutter=&#8221;on&#8221; make_equal=&#8221;on&#8221; _builder_version=&#8221;4.9.4&#8243; background_size=&#8221;initial&#8221; background_position=&#8221;top_left&#8221; background_repeat=&#8221;repeat&#8221;][et_pb_column type=&#8221;1_2&#8243; _builder_version=&#8221;4.9.4&#8243; custom_padding=&#8221;|||&#8221; custom_padding__hover=&#8221;|||&#8221;][et_pb_image src=&#8221;https:\/\/caseificiogiusti.it\/wp-content\/uploads\/2021\/07\/giancarlomarotti.jpg&#8221; title_text=&#8221;giancarlomarotti&#8221; align=&#8221;center&#8221; _builder_version=&#8221;4.9.4&#8243; _module_preset=&#8221;default&#8221; width=&#8221;70%&#8221; module_alignment=&#8221;center&#8221; animation_style=&#8221;slide&#8221; border_radii=&#8221;on|50%|50%|50%|50%&#8221; border_width_all=&#8221;2px&#8221; border_color_all=&#8221;#1b9e49&#8243; transform_styles__hover_enabled=&#8221;on|hover&#8221; transform_scale__hover_enabled=&#8221;on|hover&#8221; transform_translate__hover_enabled=&#8221;on|desktop&#8221; transform_rotate__hover_enabled=&#8221;on|desktop&#8221; transform_skew__hover_enabled=&#8221;on|desktop&#8221; transform_origin__hover_enabled=&#8221;on|desktop&#8221; transform_scale__hover=&#8221;112%|112%&#8221;][\/et_pb_image][\/et_pb_column][et_pb_column [&hellip;]<\/p>\n","protected":false},"author":1,"featured_media":0,"parent":0,"menu_order":0,"comment_status":"closed","ping_status":"closed","template":"","meta":{"_et_pb_use_builder":"on","_et_pb_old_content":"<h3><span style=\"color: #e85c0e;\">L'AZIENDA<\/span><\/h3><p><strong>GUSTO GIUSTO? GUSTA GIUSTI!<\/strong><\/p><p>La nostra storia inizia nel 1947 a San Potito Sannitico, alle porte del Sannio, grazie all'intuizione del maestro casaro Salvatore che avvia la produzione dei prodotti caseari derivanti dal latte di bufala della propria azienda. Il nostro Caseificio, al centro del Parco Regionale del Matese (area naturale protetta della Campania), ancora oggi fonde antico e moderno nelle produzioni casearie ponendo grande attenzione alla sicurezza alimentare.<\/p><p>In un mercato sempre pi\u00f9 esigente e competitivo il Caseificio Giusti si distingue con prodotti di assoluta qualit\u00e0; alla tecnologia dei macchinari \u00e8 affiancata l'esperienza delle lavorazioni artigianali. Il latte viene raccolto quotidianamente con i nostri mezzi presso i nostri allevamenti e lavorato a poche ore dalla mungitura. Solo dopo aver effettuato scrupolosi controlli, viene avviato il processo produttivo.<\/p><p>Ampia e varia \u00e8 la nostra produzione per soddisfare qualsiasi esigenza di palato. Dalle ricottine primo fiore al burro, dai formaggi stagionati e affumicati alle caciotte vaccine e pecorine. Infine le nostre eccellenze: il Fior di Latte e la Scamorza, ambiti sia a livello nazionale che internazionale.<\/p><p>Il valore aggiunto del Caseificio Giusti \u00e8 costituito dal mantenimento delle lavorazioni artigianali di alcuni prodotti, come la mozzarella con solo latte di bufala, cotta e mozzata ancora a mano come da vecchia tradizione, per far gustare il prodotto in tutta la sua essenza.<\/p><p>\u00a0[row]<\/p><p>[col span=\"1\/1\"]<\/p><p><iframe src=\"https:\/\/www.youtube.com\/embed\/m__LDpd4lto?rel=0\" width=\"1280\" height=\"720\" frameborder=\"0\" allowfullscreen=\"allowfullscreen\"><\/iframe><\/p><h3>\u00a0<\/h3><p style=\"text-align: center;\"><strong>REI Registro Eccellenze Italiane<\/strong><\/p><div style=\"text-align: center; font: 18px times,sans-serif; color: #00a74c; font-weight: bold; border: 1px solid grey; width: 250px; margin-left: auto; margin-right: auto;\"><a title=\"Entra nella nostra pagina Eccellenze Italiane\" href=\"http:\/\/www.eccellenzeitaliane.com\/aziende\/Caseificio+Giusti---10063936.html\" target=\"_blank\" rel=\"noopener\"><img src=\"http:\/\/www.eccellenzeitaliane.com\/wp-content\/uploads\/2014\/01\/coccarda-eccellenze-italiane-web.png\" alt=\"Entra nella nostra pagina Eccellenze Italiane\" width=\"250\" height=\"250\" border=\"0\" \/><\/a><br \/><b>ID: 6604<\/b><\/div><p>\u00a0<\/p><p style=\"text-align: center;\"><a href=\"https:\/\/caseificiogiusti.it\/wp-content\/uploads\/2015\/11\/LOGO-EXPO.jpg\"><img class=\"alignnone wp-image-3167 size-medium\" src=\"https:\/\/caseificiogiusti.it\/wp-content\/uploads\/2015\/11\/LOGO-EXPO-300x94.jpg\" alt=\"\" width=\"300\" height=\"94\" \/><\/a><\/p><p>\u00a0<\/p><p>[\/col]<\/p><p>[\/row]<\/p>","_et_gb_content_width":"","footnotes":""},"class_list":["post-2783","page","type-page","status-publish","hentry"],"_links":{"self":[{"href":"https:\/\/www.caseificiogiusti.it\/index.php?rest_route=\/wp\/v2\/pages\/2783","targetHints":{"allow":["GET"]}}],"collection":[{"href":"https:\/\/www.caseificiogiusti.it\/index.php?rest_route=\/wp\/v2\/pages"}],"about":[{"href":"https:\/\/www.caseificiogiusti.it\/index.php?rest_route=\/wp\/v2\/types\/page"}],"author":[{"embeddable":true,"href":"https:\/\/www.caseificiogiusti.it\/index.php?rest_route=\/wp\/v2\/users\/1"}],"replies":[{"embeddable":true,"href":"https:\/\/www.caseificiogiusti.it\/index.php?rest_route=%2Fwp%2Fv2%2Fcomments&post=2783"}],"version-history":[{"count":55,"href":"https:\/\/www.caseificiogiusti.it\/index.php?rest_route=\/wp\/v2\/pages\/2783\/revisions"}],"predecessor-version":[{"id":4467,"href":"https:\/\/www.caseificiogiusti.it\/index.php?rest_route=\/wp\/v2\/pages\/2783\/revisions\/4467"}],"wp:attachment":[{"href":"https:\/\/www.caseificiogiusti.it\/index.php?rest_route=%2Fwp%2Fv2%2Fmedia&parent=2783"}],"curies":[{"name":"wp","href":"https:\/\/api.w.org\/{rel}","templated":true}]}}